{"id":87,"date":"2025-05-22T17:36:25","date_gmt":"2025-05-22T15:36:25","guid":{"rendered":"https:\/\/sv-auerhammer.de\/?page_id=87"},"modified":"2025-11-18T12:36:54","modified_gmt":"2025-11-18T11:36:54","slug":"vorstand","status":"publish","type":"page","link":"https:\/\/sv-auerhammer.de\/?page_id=87","title":{"rendered":"Vorstand"},"content":{"rendered":"\t\t<div data-elementor-type=\"wp-page\" data-elementor-id=\"87\" class=\"elementor elementor-87\" data-elementor-post-type=\"page\">\n\t\t\t\t<div class=\"elementor-element elementor-element-db191bf e-flex e-con-boxed e-con e-parent\" data-id=\"db191bf\" data-element_type=\"container\">\n\t\t\t\t\t<div class=\"e-con-inner\">\n\t\t<div class=\"elementor-element elementor-element-50d95b4 e-con-full e-flex e-con e-child\" data-id=\"50d95b4\" data-element_type=\"container\">\n\t\t\t\t<div class=\"elementor-element elementor-element-12a4ba6 elementor-widget elementor-widget-heading\" data-id=\"12a4ba6\" data-element_type=\"widget\" data-widget_type=\"heading.default\">\n\t\t\t\t<div class=\"elementor-widget-container\">\n\t\t\t\t\t<h2 class=\"elementor-heading-title elementor-size-default\">Unser Vorstand \u2013 das Herz des Vereins<\/h2>\t\t\t\t<\/div>\n\t\t\t\t<\/div>\n\t\t\t\t<\/div>\n\t\t<div class=\"elementor-element elementor-element-bc01d70 e-con-full e-flex e-con e-child\" data-id=\"bc01d70\" data-element_type=\"container\">\n\t\t\t\t<div class=\"elementor-element elementor-element-c0341fe elementor-widget elementor-widget-text-editor\" data-id=\"c0341fe\" data-element_type=\"widget\" data-widget_type=\"text-editor.default\">\n\t\t\t\t<div class=\"elementor-widget-container\">\n\t\t\t\t\t\t\t\t\t<p data-start=\"165\" data-end=\"453\">Der Vorstand des SV Auerhammer bildet das organisatorische und strategische Fundament unseres Vereins. Alle Mitglieder des Gremiums engagieren sich ehrenamtlich und tragen mit gro\u00dfem Verantwortungsbewusstsein dazu bei, den reibungslosen Ablauf des Vereinslebens sicherzustellen.<\/p><p data-start=\"165\" data-end=\"453\">Mit ihrem Einsatz und ihrer Leidenschaft schaffen sie die Voraussetzungen daf\u00fcr, dass unsere sportlichen Aktivit\u00e4ten, Veranstaltungen und Projekte erfolgreich umgesetzt werden k\u00f6nnen. Neben der administrativen Arbeit steht f\u00fcr den Vorstand stets das Wohl des Vereins und seiner Mitglieder im Mittelpunkt.<\/p>\t\t\t\t\t\t\t\t<\/div>\n\t\t\t\t<\/div>\n\t\t\t\t<\/div>\n\t\t\t\t\t<\/div>\n\t\t\t\t<\/div>\n\t\t<div class=\"elementor-element elementor-element-f3663ae e-flex e-con-boxed e-con e-parent\" data-id=\"f3663ae\" data-element_type=\"container\">\n\t\t\t\t\t<div class=\"e-con-inner\">\n\t\t<div class=\"elementor-element elementor-element-4446801 e-con-full e-flex e-con e-child\" data-id=\"4446801\" data-element_type=\"container\">\n\t\t\t\t<div class=\"elementor-element elementor-element-ffefe8d elementor-widget elementor-widget-heading\" data-id=\"ffefe8d\" data-element_type=\"widget\" data-widget_type=\"heading.default\">\n\t\t\t\t<div class=\"elementor-widget-container\">\n\t\t\t\t\t<h2 class=\"elementor-heading-title elementor-size-default\">Pr\u00e4sident<br>Konrad Schlegel<\/h2>\t\t\t\t<\/div>\n\t\t\t\t<\/div>\n\t\t\t\t<\/div>\n\t\t<div class=\"elementor-element elementor-element-c7713ae e-con-full e-flex e-con e-child\" data-id=\"c7713ae\" data-element_type=\"container\">\n\t\t\t\t<div class=\"elementor-element elementor-element-5b886e8 elementor-widget elementor-widget-heading\" data-id=\"5b886e8\" data-element_type=\"widget\" data-widget_type=\"heading.default\">\n\t\t\t\t<div class=\"elementor-widget-container\">\n\t\t\t\t\t<h2 class=\"elementor-heading-title elementor-size-default\">Leiter Sport<br>Andreas Just<\/h2>\t\t\t\t<\/div>\n\t\t\t\t<\/div>\n\t\t\t\t<\/div>\n\t\t<div class=\"elementor-element elementor-element-f0fa82e e-con-full e-flex e-con e-child\" data-id=\"f0fa82e\" data-element_type=\"container\">\n\t\t\t\t<div class=\"elementor-element elementor-element-1985145 elementor-widget elementor-widget-heading\" data-id=\"1985145\" data-element_type=\"widget\" data-widget_type=\"heading.default\">\n\t\t\t\t<div class=\"elementor-widget-container\">\n\t\t\t\t\t<h2 class=\"elementor-heading-title elementor-size-default\">Leiter Finanzen<br>Oliver Werk<\/h2>\t\t\t\t<\/div>\n\t\t\t\t<\/div>\n\t\t\t\t<\/div>\n\t\t<div class=\"elementor-element elementor-element-29f3ae3 e-con-full e-flex e-con e-child\" data-id=\"29f3ae3\" data-element_type=\"container\">\n\t\t\t\t<div class=\"elementor-element elementor-element-a740e66 elementor-widget elementor-widget-image\" data-id=\"a740e66\" data-element_type=\"widget\" data-widget_type=\"image.default\">\n\t\t\t\t<div class=\"elementor-widget-container\">\n\t\t\t\t\t\t\t\t\t\t\t\t\t\t\t<img fetchpriority=\"high\" decoding=\"async\" width=\"237\" height=\"300\" src=\"https:\/\/sv-auerhammer.de\/wp-content\/uploads\/2025\/09\/IMG_2274-237x300.webp\" class=\"attachment-medium size-medium wp-image-446\" alt=\"\" srcset=\"https:\/\/sv-auerhammer.de\/wp-content\/uploads\/2025\/09\/IMG_2274-237x300.webp 237w, https:\/\/sv-auerhammer.de\/wp-content\/uploads\/2025\/09\/IMG_2274-809x1024.webp 809w, https:\/\/sv-auerhammer.de\/wp-content\/uploads\/2025\/09\/IMG_2274-768x972.webp 768w, https:\/\/sv-auerhammer.de\/wp-content\/uploads\/2025\/09\/IMG_2274-1213x1536.webp 1213w, https:\/\/sv-auerhammer.de\/wp-content\/uploads\/2025\/09\/IMG_2274-scaled.webp 1517w\" sizes=\"(max-width: 237px) 100vw, 237px\" \/>\t\t\t\t\t\t\t\t\t\t\t\t\t\t\t<\/div>\n\t\t\t\t<\/div>\n\t\t\t\t<\/div>\n\t\t<div class=\"elementor-element elementor-element-9d21148 e-con-full e-flex e-con e-child\" data-id=\"9d21148\" data-element_type=\"container\">\n\t\t\t\t<div class=\"elementor-element elementor-element-40899a6 elementor-widget elementor-widget-image\" data-id=\"40899a6\" data-element_type=\"widget\" data-widget_type=\"image.default\">\n\t\t\t\t<div class=\"elementor-widget-container\">\n\t\t\t\t\t\t\t\t\t\t\t\t\t\t\t<img decoding=\"async\" width=\"238\" height=\"300\" src=\"https:\/\/sv-auerhammer.de\/wp-content\/uploads\/2025\/09\/IMG_2272-238x300.webp\" class=\"attachment-medium size-medium wp-image-444\" alt=\"\" srcset=\"https:\/\/sv-auerhammer.de\/wp-content\/uploads\/2025\/09\/IMG_2272-238x300.webp 238w, https:\/\/sv-auerhammer.de\/wp-content\/uploads\/2025\/09\/IMG_2272-814x1024.webp 814w, https:\/\/sv-auerhammer.de\/wp-content\/uploads\/2025\/09\/IMG_2272-768x966.webp 768w, https:\/\/sv-auerhammer.de\/wp-content\/uploads\/2025\/09\/IMG_2272-1221x1536.webp 1221w, https:\/\/sv-auerhammer.de\/wp-content\/uploads\/2025\/09\/IMG_2272-scaled.webp 1526w\" sizes=\"(max-width: 238px) 100vw, 238px\" \/>\t\t\t\t\t\t\t\t\t\t\t\t\t\t\t<\/div>\n\t\t\t\t<\/div>\n\t\t\t\t<\/div>\n\t\t<div class=\"elementor-element elementor-element-5deaa5d e-con-full e-flex e-con e-child\" data-id=\"5deaa5d\" data-element_type=\"container\">\n\t\t\t\t<div class=\"elementor-element elementor-element-731c264 elementor-widget elementor-widget-image\" data-id=\"731c264\" data-element_type=\"widget\" data-widget_type=\"image.default\">\n\t\t\t\t<div class=\"elementor-widget-container\">\n\t\t\t\t\t\t\t\t\t\t\t\t\t\t\t<img decoding=\"async\" width=\"257\" height=\"300\" src=\"https:\/\/sv-auerhammer.de\/wp-content\/uploads\/2025\/09\/a50fe5f0-5af2-4b4e-81f9-4c400bede94c-257x300.webp\" class=\"attachment-medium size-medium wp-image-449\" alt=\"\" srcset=\"https:\/\/sv-auerhammer.de\/wp-content\/uploads\/2025\/09\/a50fe5f0-5af2-4b4e-81f9-4c400bede94c-257x300.webp 257w, https:\/\/sv-auerhammer.de\/wp-content\/uploads\/2025\/09\/a50fe5f0-5af2-4b4e-81f9-4c400bede94c-879x1024.webp 879w, https:\/\/sv-auerhammer.de\/wp-content\/uploads\/2025\/09\/a50fe5f0-5af2-4b4e-81f9-4c400bede94c-768x895.webp 768w, https:\/\/sv-auerhammer.de\/wp-content\/uploads\/2025\/09\/a50fe5f0-5af2-4b4e-81f9-4c400bede94c-1318x1536.webp 1318w, https:\/\/sv-auerhammer.de\/wp-content\/uploads\/2025\/09\/a50fe5f0-5af2-4b4e-81f9-4c400bede94c-1757x2048.webp 1647w, https:\/\/sv-auerhammer.de\/wp-content\/uploads\/2025\/09\/a50fe5f0-5af2-4b4e-81f9-4c400bede94c-scaled.webp 1648w\" sizes=\"(max-width: 257px) 100vw, 257px\" \/>\t\t\t\t\t\t\t\t\t\t\t\t\t\t\t<\/div>\n\t\t\t\t<\/div>\n\t\t\t\t<\/div>\n\t\t\t\t\t<\/div>\n\t\t\t\t<\/div>\n\t\t<div class=\"elementor-element elementor-element-47f662c e-flex e-con-boxed e-con e-parent\" data-id=\"47f662c\" data-element_type=\"container\">\n\t\t\t\t\t<div class=\"e-con-inner\">\n\t\t<div class=\"elementor-element elementor-element-5ac7443 e-con-full e-flex e-con e-child\" data-id=\"5ac7443\" data-element_type=\"container\">\n\t\t\t\t<div class=\"elementor-element elementor-element-a1c8417 elementor-widget elementor-widget-heading\" data-id=\"a1c8417\" data-element_type=\"widget\" data-widget_type=\"heading.default\">\n\t\t\t\t<div class=\"elementor-widget-container\">\n\t\t\t\t\t<h2 class=\"elementor-heading-title elementor-size-default\">Leiter Nachwuchs<br>Jan Schmutzler<\/h2>\t\t\t\t<\/div>\n\t\t\t\t<\/div>\n\t\t\t\t<\/div>\n\t\t<div class=\"elementor-element elementor-element-744cd71 e-con-full e-flex e-con e-child\" data-id=\"744cd71\" data-element_type=\"container\">\n\t\t\t\t<div class=\"elementor-element elementor-element-81dbcea elementor-widget elementor-widget-heading\" data-id=\"81dbcea\" data-element_type=\"widget\" data-widget_type=\"heading.default\">\n\t\t\t\t<div class=\"elementor-widget-container\">\n\t\t\t\t\t<h2 class=\"elementor-heading-title elementor-size-default\">Geb\u00e4udeverantwortlicher<br>Marcus Hoffmann<\/h2>\t\t\t\t<\/div>\n\t\t\t\t<\/div>\n\t\t\t\t<\/div>\n\t\t<div class=\"elementor-element elementor-element-fbf0901 e-con-full e-flex e-con e-child\" data-id=\"fbf0901\" data-element_type=\"container\">\n\t\t\t\t<div class=\"elementor-element elementor-element-fb3f170 elementor-widget elementor-widget-heading\" data-id=\"fb3f170\" data-element_type=\"widget\" data-widget_type=\"heading.default\">\n\t\t\t\t<div class=\"elementor-widget-container\">\n\t\t\t\t\t<h2 class=\"elementor-heading-title elementor-size-default\">Objektverantwortlicher<br>Silvio Bartsch<\/h2>\t\t\t\t<\/div>\n\t\t\t\t<\/div>\n\t\t\t\t<\/div>\n\t\t<div class=\"elementor-element elementor-element-c067338 e-con-full e-flex e-con e-child\" data-id=\"c067338\" data-element_type=\"container\">\n\t\t\t\t<div class=\"elementor-element elementor-element-4ebc58e elementor-widget elementor-widget-image\" data-id=\"4ebc58e\" data-element_type=\"widget\" data-widget_type=\"image.default\">\n\t\t\t\t<div class=\"elementor-widget-container\">\n\t\t\t\t\t\t\t\t\t\t\t\t\t\t\t<img loading=\"lazy\" decoding=\"async\" width=\"281\" height=\"300\" src=\"https:\/\/sv-auerhammer.de\/wp-content\/uploads\/2025\/09\/IMG_2276-281x300.webp\" class=\"attachment-medium size-medium wp-image-447\" alt=\"\" srcset=\"https:\/\/sv-auerhammer.de\/wp-content\/uploads\/2025\/09\/IMG_2276-281x300.webp 281w, https:\/\/sv-auerhammer.de\/wp-content\/uploads\/2025\/09\/IMG_2276-960x1024.webp 960w, https:\/\/sv-auerhammer.de\/wp-content\/uploads\/2025\/09\/IMG_2276-768x820.webp 768w, https:\/\/sv-auerhammer.de\/wp-content\/uploads\/2025\/09\/IMG_2276-1439x1536.webp 1439w, https:\/\/sv-auerhammer.de\/wp-content\/uploads\/2025\/09\/IMG_2276-1919x2048.jpg 1919w, https:\/\/sv-auerhammer.de\/wp-content\/uploads\/2025\/09\/IMG_2276-scaled.webp 1799w\" sizes=\"(max-width: 281px) 100vw, 281px\" \/>\t\t\t\t\t\t\t\t\t\t\t\t\t\t\t<\/div>\n\t\t\t\t<\/div>\n\t\t\t\t<\/div>\n\t\t<div class=\"elementor-element elementor-element-0726371 e-con-full e-flex e-con e-child\" data-id=\"0726371\" data-element_type=\"container\">\n\t\t\t\t<div class=\"elementor-element elementor-element-40e1ba1 elementor-widget elementor-widget-image\" data-id=\"40e1ba1\" data-element_type=\"widget\" data-widget_type=\"image.default\">\n\t\t\t\t<div class=\"elementor-widget-container\">\n\t\t\t\t\t\t\t\t\t\t\t\t\t\t\t<img loading=\"lazy\" decoding=\"async\" width=\"277\" height=\"300\" src=\"https:\/\/sv-auerhammer.de\/wp-content\/uploads\/2025\/09\/IMG_2273-277x300.webp\" class=\"attachment-medium size-medium wp-image-445\" alt=\"\" srcset=\"https:\/\/sv-auerhammer.de\/wp-content\/uploads\/2025\/09\/IMG_2273-277x300.webp 277w, https:\/\/sv-auerhammer.de\/wp-content\/uploads\/2025\/09\/IMG_2273-946x1024.webp 946w, https:\/\/sv-auerhammer.de\/wp-content\/uploads\/2025\/09\/IMG_2273-768x831.jpg 768w, https:\/\/sv-auerhammer.de\/wp-content\/uploads\/2025\/09\/IMG_2273-1419x1536.jpg 1419w, https:\/\/sv-auerhammer.de\/wp-content\/uploads\/2025\/09\/IMG_2273-1892x2048.jpg 1892w, https:\/\/sv-auerhammer.de\/wp-content\/uploads\/2025\/09\/IMG_2273-scaled.webp 1774w\" sizes=\"(max-width: 277px) 100vw, 277px\" \/>\t\t\t\t\t\t\t\t\t\t\t\t\t\t\t<\/div>\n\t\t\t\t<\/div>\n\t\t\t\t<\/div>\n\t\t<div class=\"elementor-element elementor-element-d3780f2 e-con-full e-flex e-con e-child\" data-id=\"d3780f2\" data-element_type=\"container\">\n\t\t\t\t<div class=\"elementor-element elementor-element-0b185d3 elementor-widget elementor-widget-image\" data-id=\"0b185d3\" data-element_type=\"widget\" data-widget_type=\"image.default\">\n\t\t\t\t<div class=\"elementor-widget-container\">\n\t\t\t\t\t\t\t\t\t\t\t\t\t\t\t<img loading=\"lazy\" decoding=\"async\" width=\"277\" height=\"300\" src=\"https:\/\/sv-auerhammer.de\/wp-content\/uploads\/2025\/09\/IMG_2269-277x300.webp\" class=\"attachment-medium size-medium wp-image-448\" alt=\"\" srcset=\"https:\/\/sv-auerhammer.de\/wp-content\/uploads\/2025\/09\/IMG_2269-277x300.webp 277w, https:\/\/sv-auerhammer.de\/wp-content\/uploads\/2025\/09\/IMG_2269-946x1024.webp 946w, https:\/\/sv-auerhammer.de\/wp-content\/uploads\/2025\/09\/IMG_2269-768x831.webp 768w, https:\/\/sv-auerhammer.de\/wp-content\/uploads\/2025\/09\/IMG_2269-1419x1536.webp 1419w, https:\/\/sv-auerhammer.de\/wp-content\/uploads\/2025\/09\/IMG_2269-scaled.webp 1774w\" sizes=\"(max-width: 277px) 100vw, 277px\" \/>\t\t\t\t\t\t\t\t\t\t\t\t\t\t\t<\/div>\n\t\t\t\t<\/div>\n\t\t\t\t<\/div>\n\t\t\t\t\t<\/div>\n\t\t\t\t<\/div>\n\t\t<div class=\"elementor-element elementor-element-79508d3 e-flex e-con-boxed e-con e-parent\" data-id=\"79508d3\" data-element_type=\"container\">\n\t\t\t\t\t<div class=\"e-con-inner\">\n\t\t<div class=\"elementor-element elementor-element-fdf1e7e e-con-full e-flex e-con e-child\" data-id=\"fdf1e7e\" data-element_type=\"container\">\n\t\t\t\t<div class=\"elementor-element elementor-element-2c751f3 elementor-widget elementor-widget-heading\" data-id=\"2c751f3\" data-element_type=\"widget\" data-widget_type=\"heading.default\">\n\t\t\t\t<div class=\"elementor-widget-container\">\n\t\t\t\t\t<h2 class=\"elementor-heading-title elementor-size-default\">Beraterin<br>Madlen P\u00f6che<\/h2>\t\t\t\t<\/div>\n\t\t\t\t<\/div>\n\t\t\t\t<\/div>\n\t\t<div class=\"elementor-element elementor-element-b3701e6 e-con-full e-flex e-con e-child\" data-id=\"b3701e6\" data-element_type=\"container\">\n\t\t\t\t<div class=\"elementor-element elementor-element-489af91 elementor-widget elementor-widget-heading\" data-id=\"489af91\" data-element_type=\"widget\" data-widget_type=\"heading.default\">\n\t\t\t\t<div class=\"elementor-widget-container\">\n\t\t\t\t\t<h2 class=\"elementor-heading-title elementor-size-default\">Berater<br>Tilo P\u00f6che<\/h2>\t\t\t\t<\/div>\n\t\t\t\t<\/div>\n\t\t\t\t<\/div>\n\t\t<div class=\"elementor-element elementor-element-fe06996 e-con-full e-flex e-con e-child\" data-id=\"fe06996\" data-element_type=\"container\">\n\t\t\t\t<div class=\"elementor-element elementor-element-ca466ee elementor-widget elementor-widget-image\" data-id=\"ca466ee\" data-element_type=\"widget\" data-widget_type=\"image.default\">\n\t\t\t\t<div class=\"elementor-widget-container\">\n\t\t\t\t\t\t\t\t\t\t\t\t\t\t\t<img loading=\"lazy\" decoding=\"async\" width=\"248\" height=\"300\" src=\"https:\/\/sv-auerhammer.de\/wp-content\/uploads\/2025\/09\/IMG_2270-248x300.webp\" class=\"attachment-medium size-medium wp-image-442\" alt=\"\" srcset=\"https:\/\/sv-auerhammer.de\/wp-content\/uploads\/2025\/09\/IMG_2270-248x300.webp 248w, https:\/\/sv-auerhammer.de\/wp-content\/uploads\/2025\/09\/IMG_2270-846x1024.webp 846w, https:\/\/sv-auerhammer.de\/wp-content\/uploads\/2025\/09\/IMG_2270-768x930.webp 768w, https:\/\/sv-auerhammer.de\/wp-content\/uploads\/2025\/09\/IMG_2270-1268x1536.webp 1268w, https:\/\/sv-auerhammer.de\/wp-content\/uploads\/2025\/09\/IMG_2270-1691x2048.webp 1585w, https:\/\/sv-auerhammer.de\/wp-content\/uploads\/2025\/09\/IMG_2270-scaled.webp 1586w\" sizes=\"(max-width: 248px) 100vw, 248px\" \/>\t\t\t\t\t\t\t\t\t\t\t\t\t\t\t<\/div>\n\t\t\t\t<\/div>\n\t\t\t\t<\/div>\n\t\t<div class=\"elementor-element elementor-element-fb4ba16 e-con-full e-flex e-con e-child\" data-id=\"fb4ba16\" data-element_type=\"container\">\n\t\t\t\t<div class=\"elementor-element elementor-element-04c6fc8 elementor-widget elementor-widget-image\" data-id=\"04c6fc8\" data-element_type=\"widget\" data-widget_type=\"image.default\">\n\t\t\t\t<div class=\"elementor-widget-container\">\n\t\t\t\t\t\t\t\t\t\t\t\t\t\t\t<img loading=\"lazy\" decoding=\"async\" width=\"242\" height=\"300\" src=\"https:\/\/sv-auerhammer.de\/wp-content\/uploads\/2025\/09\/IMG_2271-242x300.webp\" class=\"attachment-medium size-medium wp-image-443\" alt=\"\" srcset=\"https:\/\/sv-auerhammer.de\/wp-content\/uploads\/2025\/09\/IMG_2271-242x300.webp 242w, https:\/\/sv-auerhammer.de\/wp-content\/uploads\/2025\/09\/IMG_2271-825x1024.webp 825w, https:\/\/sv-auerhammer.de\/wp-content\/uploads\/2025\/09\/IMG_2271-768x954.webp 768w, https:\/\/sv-auerhammer.de\/wp-content\/uploads\/2025\/09\/IMG_2271-1237x1536.webp 1237w, https:\/\/sv-auerhammer.de\/wp-content\/uploads\/2025\/09\/IMG_2271-scaled.webp 1546w\" sizes=\"(max-width: 242px) 100vw, 242px\" \/>\t\t\t\t\t\t\t\t\t\t\t\t\t\t\t<\/div>\n\t\t\t\t<\/div>\n\t\t\t\t<\/div>\n\t\t\t\t\t<\/div>\n\t\t\t\t<\/div>\n\t\t\t\t<\/div>\n\t\t","protected":false},"excerpt":{"rendered":"<p>Unser Vorstand \u2013 das Herz des Vereins Der Vorstand des SV Auerhammer bildet das organisatorische und strategische Fundament unseres Vereins. Alle Mitglieder des Gremiums engagieren sich ehrenamtlich und tragen mit gro\u00dfem Verantwortungsbewusstsein dazu bei, den reibungslosen Ablauf des Vereinslebens sicherzustellen. Mit ihrem Einsatz und ihrer Leidenschaft schaffen sie die Voraussetzungen daf\u00fcr, dass unsere sportlichen Aktivit\u00e4ten, [&hellip;]<\/p>\n","protected":false},"author":2,"featured_media":0,"parent":0,"menu_order":0,"comment_status":"closed","ping_status":"closed","template":"","meta":{"footnotes":""},"class_list":["post-87","page","type-page","status-publish","hentry"],"_links":{"self":[{"href":"https:\/\/sv-auerhammer.de\/index.php?rest_route=\/wp\/v2\/pages\/87","targetHints":{"allow":["GET"]}}],"collection":[{"href":"https:\/\/sv-auerhammer.de\/index.php?rest_route=\/wp\/v2\/pages"}],"about":[{"href":"https:\/\/sv-auerhammer.de\/index.php?rest_route=\/wp\/v2\/types\/page"}],"author":[{"embeddable":true,"href":"https:\/\/sv-auerhammer.de\/index.php?rest_route=\/wp\/v2\/users\/2"}],"replies":[{"embeddable":true,"href":"https:\/\/sv-auerhammer.de\/index.php?rest_route=%2Fwp%2Fv2%2Fcomments&post=87"}],"version-history":[{"count":14,"href":"https:\/\/sv-auerhammer.de\/index.php?rest_route=\/wp\/v2\/pages\/87\/revisions"}],"predecessor-version":[{"id":680,"href":"https:\/\/sv-auerhammer.de\/index.php?rest_route=\/wp\/v2\/pages\/87\/revisions\/680"}],"wp:attachment":[{"href":"https:\/\/sv-auerhammer.de\/index.php?rest_route=%2Fwp%2Fv2%2Fmedia&parent=87"}],"curies":[{"name":"wp","href":"https:\/\/api.w.org\/{rel}","templated":true}]}}