{"id":61,"date":"2025-05-22T17:29:32","date_gmt":"2025-05-22T15:29:32","guid":{"rendered":"https:\/\/sv-auerhammer.de\/?page_id=61"},"modified":"2025-11-12T21:19:40","modified_gmt":"2025-11-12T20:19:40","slug":"1-mannschaft","status":"publish","type":"page","link":"https:\/\/sv-auerhammer.de\/?page_id=61","title":{"rendered":"1. Mannschaft"},"content":{"rendered":"\t\t<div data-elementor-type=\"wp-page\" data-elementor-id=\"61\" class=\"elementor elementor-61\" data-elementor-post-type=\"page\">\n\t\t\t\t<div class=\"elementor-element elementor-element-940ddf9 e-con-full e-flex e-con e-parent\" data-id=\"940ddf9\" data-element_type=\"container\">\n\t\t\t\t<div class=\"elementor-element elementor-element-c5f44d5 elementor-widget elementor-widget-image\" data-id=\"c5f44d5\" data-element_type=\"widget\" data-widget_type=\"image.default\">\n\t\t\t\t<div class=\"elementor-widget-container\">\n\t\t\t\t\t\t\t\t\t\t\t\t\t\t\t<img fetchpriority=\"high\" decoding=\"async\" width=\"2560\" height=\"1263\" src=\"https:\/\/sv-auerhammer.de\/wp-content\/uploads\/2025\/10\/28.Gaesteblock-26.06.2021-scaled-e1760949401939.jpg\" class=\"attachment-full size-full wp-image-492\" alt=\"\" srcset=\"https:\/\/sv-auerhammer.de\/wp-content\/uploads\/2025\/10\/28.Gaesteblock-26.06.2021-scaled-e1760949401939.jpg 2560w, https:\/\/sv-auerhammer.de\/wp-content\/uploads\/2025\/10\/28.Gaesteblock-26.06.2021-scaled-e1760949401939-300x148.jpg 300w, https:\/\/sv-auerhammer.de\/wp-content\/uploads\/2025\/10\/28.Gaesteblock-26.06.2021-scaled-e1760949401939-1024x505.jpg 1024w, https:\/\/sv-auerhammer.de\/wp-content\/uploads\/2025\/10\/28.Gaesteblock-26.06.2021-scaled-e1760949401939-768x379.jpg 768w, https:\/\/sv-auerhammer.de\/wp-content\/uploads\/2025\/10\/28.Gaesteblock-26.06.2021-scaled-e1760949401939-1536x758.jpg 1536w, https:\/\/sv-auerhammer.de\/wp-content\/uploads\/2025\/10\/28.Gaesteblock-26.06.2021-scaled-e1760949401939-2048x1010.jpg 2048w\" sizes=\"(max-width: 2560px) 100vw, 2560px\" \/>\t\t\t\t\t\t\t\t\t\t\t\t\t\t\t<\/div>\n\t\t\t\t<\/div>\n\t\t\t\t<\/div>\n\t\t<div class=\"elementor-element elementor-element-284c7614 e-flex e-con-boxed e-con e-parent\" data-id=\"284c7614\" data-element_type=\"container\">\n\t\t\t\t\t<div class=\"e-con-inner\">\n\t\t\t\t<div class=\"elementor-element elementor-element-2e4af03 elementor-widget elementor-widget-heading\" data-id=\"2e4af03\" data-element_type=\"widget\" data-widget_type=\"heading.default\">\n\t\t\t\t<div class=\"elementor-widget-container\">\n\t\t\t\t\t<h2 class=\"elementor-heading-title elementor-size-default\">Mannschaft<\/h2>\t\t\t\t<\/div>\n\t\t\t\t<\/div>\n\t\t\t\t<div class=\"elementor-element elementor-element-3d156d38 elementor-widget elementor-widget-image\" data-id=\"3d156d38\" data-element_type=\"widget\" data-widget_type=\"image.default\">\n\t\t\t\t<div class=\"elementor-widget-container\">\n\t\t\t\t\t\t\t\t\t\t\t\t\t\t\t<img decoding=\"async\" width=\"1536\" height=\"974\" src=\"https:\/\/sv-auerhammer.de\/wp-content\/uploads\/2025\/11\/PHOTO-2025-10-30-06-25-20-1536x974.jpg\" class=\"attachment-1536x1536 size-1536x1536 wp-image-575\" alt=\"\" srcset=\"https:\/\/sv-auerhammer.de\/wp-content\/uploads\/2025\/11\/PHOTO-2025-10-30-06-25-20-1536x974.jpg 1536w, https:\/\/sv-auerhammer.de\/wp-content\/uploads\/2025\/11\/PHOTO-2025-10-30-06-25-20-300x190.jpg 300w, https:\/\/sv-auerhammer.de\/wp-content\/uploads\/2025\/11\/PHOTO-2025-10-30-06-25-20-1024x650.jpg 1024w, https:\/\/sv-auerhammer.de\/wp-content\/uploads\/2025\/11\/PHOTO-2025-10-30-06-25-20-768x487.jpg 768w, https:\/\/sv-auerhammer.de\/wp-content\/uploads\/2025\/11\/PHOTO-2025-10-30-06-25-20.jpg 1600w\" sizes=\"(max-width: 1536px) 100vw, 1536px\" \/>\t\t\t\t\t\t\t\t\t\t\t\t\t\t\t<\/div>\n\t\t\t\t<\/div>\n\t\t\t\t\t<\/div>\n\t\t\t\t<\/div>\n\t\t<div class=\"elementor-element elementor-element-92c2e12 e-flex e-con-boxed e-con e-parent\" data-id=\"92c2e12\" data-element_type=\"container\">\n\t\t\t\t\t<div class=\"e-con-inner\">\n\t\t<div class=\"elementor-element elementor-element-a2c4fdb e-flex e-con-boxed e-con e-child\" data-id=\"a2c4fdb\" data-element_type=\"container\">\n\t\t\t\t\t<div class=\"e-con-inner\">\n\t\t\t\t<div class=\"elementor-element elementor-element-8b6551f elementor-widget elementor-widget-heading\" data-id=\"8b6551f\" data-element_type=\"widget\" data-widget_type=\"heading.default\">\n\t\t\t\t<div class=\"elementor-widget-container\">\n\t\t\t\t\t<h2 class=\"elementor-heading-title elementor-size-default\">Cheftrainer<br>Andr\u00e9 Bonitz<\/h2>\t\t\t\t<\/div>\n\t\t\t\t<\/div>\n\t\t\t\t\t<\/div>\n\t\t\t\t<\/div>\n\t\t\t\t\t<\/div>\n\t\t\t\t<\/div>\n\t\t<div class=\"elementor-element elementor-element-c0fddc4 e-flex e-con-boxed e-con e-parent\" data-id=\"c0fddc4\" data-element_type=\"container\">\n\t\t\t\t\t<div class=\"e-con-inner\">\n\t\t<div class=\"elementor-element elementor-element-9ccba3f e-flex e-con-boxed e-con e-child\" data-id=\"9ccba3f\" data-element_type=\"container\">\n\t\t\t\t\t<div class=\"e-con-inner\">\n\t\t\t\t<div class=\"elementor-element elementor-element-0dc1bdf elementor-widget elementor-widget-image\" data-id=\"0dc1bdf\" data-element_type=\"widget\" data-widget_type=\"image.default\">\n\t\t\t\t<div class=\"elementor-widget-container\">\n\t\t\t\t\t\t\t\t\t\t\t\t\t\t\t<img decoding=\"async\" width=\"225\" height=\"300\" src=\"https:\/\/sv-auerhammer.de\/wp-content\/uploads\/2025\/10\/IMG_2287-225x300.jpeg\" class=\"attachment-medium size-medium wp-image-487\" alt=\"\" srcset=\"https:\/\/sv-auerhammer.de\/wp-content\/uploads\/2025\/10\/IMG_2287-225x300.jpeg 225w, https:\/\/sv-auerhammer.de\/wp-content\/uploads\/2025\/10\/IMG_2287-768x1024.jpeg 768w, https:\/\/sv-auerhammer.de\/wp-content\/uploads\/2025\/10\/IMG_2287-1152x1536.jpeg 1152w, https:\/\/sv-auerhammer.de\/wp-content\/uploads\/2025\/10\/IMG_2287-1536x2048.jpeg 1536w, https:\/\/sv-auerhammer.de\/wp-content\/uploads\/2025\/10\/IMG_2287-scaled.jpeg 1920w\" sizes=\"(max-width: 225px) 100vw, 225px\" \/>\t\t\t\t\t\t\t\t\t\t\t\t\t\t\t<\/div>\n\t\t\t\t<\/div>\n\t\t\t\t\t<\/div>\n\t\t\t\t<\/div>\n\t\t\t\t\t<\/div>\n\t\t\t\t<\/div>\n\t\t<div class=\"elementor-element elementor-element-0cbf5f6 e-flex e-con-boxed e-con e-parent\" data-id=\"0cbf5f6\" data-element_type=\"container\">\n\t\t\t\t\t<div class=\"e-con-inner\">\n\t\t\t\t<div class=\"elementor-element elementor-element-f55fef6 elementor-widget elementor-widget-heading\" data-id=\"f55fef6\" data-element_type=\"widget\" data-widget_type=\"heading.default\">\n\t\t\t\t<div class=\"elementor-widget-container\">\n\t\t\t\t\t<h2 class=\"elementor-heading-title elementor-size-default\">Mannschaftsbetreuung<\/h2>\t\t\t\t<\/div>\n\t\t\t\t<\/div>\n\t\t\t\t\t<\/div>\n\t\t\t\t<\/div>\n\t\t<div class=\"elementor-element elementor-element-0807951 e-flex e-con-boxed e-con e-parent\" data-id=\"0807951\" data-element_type=\"container\">\n\t\t\t\t\t<div class=\"e-con-inner\">\n\t\t<div class=\"elementor-element elementor-element-ec924b9 e-con-full e-flex e-con e-child\" data-id=\"ec924b9\" data-element_type=\"container\">\n\t\t\t\t<div class=\"elementor-element elementor-element-e705671 elementor-position-top elementor-widget elementor-widget-image-box\" data-id=\"e705671\" data-element_type=\"widget\" data-widget_type=\"image-box.default\">\n\t\t\t\t<div class=\"elementor-widget-container\">\n\t\t\t\t\t<div class=\"elementor-image-box-wrapper\"><figure class=\"elementor-image-box-img\"><img loading=\"lazy\" decoding=\"async\" width=\"1586\" height=\"1920\" src=\"https:\/\/sv-auerhammer.de\/wp-content\/uploads\/2025\/09\/IMG_2270-scaled.webp\" class=\"attachment-full size-full wp-image-442\" alt=\"\" srcset=\"https:\/\/sv-auerhammer.de\/wp-content\/uploads\/2025\/09\/IMG_2270-scaled.webp 1586w, https:\/\/sv-auerhammer.de\/wp-content\/uploads\/2025\/09\/IMG_2270-248x300.webp 248w, https:\/\/sv-auerhammer.de\/wp-content\/uploads\/2025\/09\/IMG_2270-846x1024.webp 846w, https:\/\/sv-auerhammer.de\/wp-content\/uploads\/2025\/09\/IMG_2270-768x930.webp 768w, https:\/\/sv-auerhammer.de\/wp-content\/uploads\/2025\/09\/IMG_2270-1268x1536.webp 1268w, https:\/\/sv-auerhammer.de\/wp-content\/uploads\/2025\/09\/IMG_2270-1691x2048.webp 1585w\" sizes=\"(max-width: 1586px) 100vw, 1586px\" \/><\/figure><div class=\"elementor-image-box-content\"><h3 class=\"elementor-image-box-title\">Madlen P\u00f6che<\/h3><\/div><\/div>\t\t\t\t<\/div>\n\t\t\t\t<\/div>\n\t\t\t\t<\/div>\n\t\t<div class=\"elementor-element elementor-element-cf98825 e-con-full e-flex e-con e-child\" data-id=\"cf98825\" data-element_type=\"container\">\n\t\t\t\t<div class=\"elementor-element elementor-element-c4b2e08 elementor-position-top elementor-widget elementor-widget-image-box\" data-id=\"c4b2e08\" data-element_type=\"widget\" data-widget_type=\"image-box.default\">\n\t\t\t\t<div class=\"elementor-widget-container\">\n\t\t\t\t\t<div class=\"elementor-image-box-wrapper\"><figure class=\"elementor-image-box-img\"><img loading=\"lazy\" decoding=\"async\" width=\"1546\" height=\"1920\" src=\"https:\/\/sv-auerhammer.de\/wp-content\/uploads\/2025\/09\/IMG_2271-scaled.webp\" class=\"attachment-full size-full wp-image-443\" alt=\"\" srcset=\"https:\/\/sv-auerhammer.de\/wp-content\/uploads\/2025\/09\/IMG_2271-scaled.webp 1546w, https:\/\/sv-auerhammer.de\/wp-content\/uploads\/2025\/09\/IMG_2271-242x300.webp 242w, https:\/\/sv-auerhammer.de\/wp-content\/uploads\/2025\/09\/IMG_2271-825x1024.webp 825w, https:\/\/sv-auerhammer.de\/wp-content\/uploads\/2025\/09\/IMG_2271-768x954.webp 768w, https:\/\/sv-auerhammer.de\/wp-content\/uploads\/2025\/09\/IMG_2271-1237x1536.webp 1237w\" sizes=\"(max-width: 1546px) 100vw, 1546px\" \/><\/figure><div class=\"elementor-image-box-content\"><h3 class=\"elementor-image-box-title\">Tilo P\u00f6che<\/h3><\/div><\/div>\t\t\t\t<\/div>\n\t\t\t\t<\/div>\n\t\t\t\t<\/div>\n\t\t\t\t\t<\/div>\n\t\t\t\t<\/div>\n\t\t<div class=\"elementor-element elementor-element-5f161f7 e-flex e-con-boxed e-con e-parent\" data-id=\"5f161f7\" data-element_type=\"container\">\n\t\t\t\t\t<div class=\"e-con-inner\">\n\t\t\t\t<div class=\"elementor-element elementor-element-17b64f0d elementor-widget elementor-widget-shortcode\" data-id=\"17b64f0d\" data-element_type=\"widget\" data-widget_type=\"shortcode.default\">\n\t\t\t\t<div class=\"elementor-widget-container\">\n\t\t\t\t\t\t\t<div class=\"elementor-shortcode\"><div \n  \t\t\tclass=\"fussballde_widget\"\n\t\t\tdata-id=\"ee284932-2eda-4ac7-9b65-84e4cb00088b\"\n  \t\t\tdata-type=\"table\"\n\t\t\tstyle=\"width: 100%\"\n\t\t<\/div><\/div>\n\t\t\t\t\t\t<\/div>\n\t\t\t\t<\/div>\n\t\t\t\t\t<\/div>\n\t\t\t\t<\/div>\n\t\t<div class=\"elementor-element elementor-element-7e75ce9 e-flex e-con-boxed e-con e-parent\" data-id=\"7e75ce9\" data-element_type=\"container\">\n\t\t\t\t\t<div class=\"e-con-inner\">\n\t\t\t\t<div class=\"elementor-element elementor-element-46058f3d elementor-widget elementor-widget-shortcode\" data-id=\"46058f3d\" data-element_type=\"widget\" data-widget_type=\"shortcode.default\">\n\t\t\t\t<div class=\"elementor-widget-container\">\n\t\t\t\t\t\t\t<div class=\"elementor-shortcode\"><div \n                class=\"fussballde_widget\"\n                data-id=\"fb3f0d06-ccfa-4e9c-ab54-69dc3dc91b55\"\n                data-type=\"team-matches\"\n                style=\"width: 100%\">\n            <\/div><\/div>\n\t\t\t\t\t\t<\/div>\n\t\t\t\t<\/div>\n\t\t\t\t\t<\/div>\n\t\t\t\t<\/div>\n\t\t<div class=\"elementor-element elementor-element-1285ffe e-flex e-con-boxed e-con e-parent\" data-id=\"1285ffe\" data-element_type=\"container\">\n\t\t\t\t\t<div class=\"e-con-inner\">\n\t\t\t\t<div class=\"elementor-element elementor-element-a2dabc elementor-widget elementor-widget-shortcode\" data-id=\"a2dabc\" data-element_type=\"widget\" data-widget_type=\"shortcode.default\">\n\t\t\t\t<div class=\"elementor-widget-container\">\n\t\t\t\t\t\t\t<div class=\"elementor-shortcode\"><div \n  \t\t\t\tclass=\"fussballde_widget\"\n\t\t\t\tdata-id=\"bfa52453-4693-4a4a-9e9e-7d3dff18eeb0\"\n\t\t\t\tdata-type=\"squad\"\n\t\t\t\tstyle=\"width: 100%\"\n\t\t\t<\/div><\/div>\n\t\t\t\t\t\t<\/div>\n\t\t\t\t<\/div>\n\t\t\t\t\t<\/div>\n\t\t\t\t<\/div>\n\t\t\t\t<\/div>\n\t\t","protected":false},"excerpt":{"rendered":"<p>Mannschaft CheftrainerAndr\u00e9 Bonitz Mannschaftsbetreuung Madlen P\u00f6che Tilo P\u00f6che<\/p>\n","protected":false},"author":2,"featured_media":0,"parent":0,"menu_order":0,"comment_status":"closed","ping_status":"closed","template":"","meta":{"footnotes":""},"class_list":["post-61","page","type-page","status-publish","hentry"],"_links":{"self":[{"href":"https:\/\/sv-auerhammer.de\/index.php?rest_route=\/wp\/v2\/pages\/61","targetHints":{"allow":["GET"]}}],"collection":[{"href":"https:\/\/sv-auerhammer.de\/index.php?rest_route=\/wp\/v2\/pages"}],"about":[{"href":"https:\/\/sv-auerhammer.de\/index.php?rest_route=\/wp\/v2\/types\/page"}],"author":[{"embeddable":true,"href":"https:\/\/sv-auerhammer.de\/index.php?rest_route=\/wp\/v2\/users\/2"}],"replies":[{"embeddable":true,"href":"https:\/\/sv-auerhammer.de\/index.php?rest_route=%2Fwp%2Fv2%2Fcomments&post=61"}],"version-history":[{"count":64,"href":"https:\/\/sv-auerhammer.de\/index.php?rest_route=\/wp\/v2\/pages\/61\/revisions"}],"predecessor-version":[{"id":672,"href":"https:\/\/sv-auerhammer.de\/index.php?rest_route=\/wp\/v2\/pages\/61\/revisions\/672"}],"wp:attachment":[{"href":"https:\/\/sv-auerhammer.de\/index.php?rest_route=%2Fwp%2Fv2%2Fmedia&parent=61"}],"curies":[{"name":"wp","href":"https:\/\/api.w.org\/{rel}","templated":true}]}}