{"id":53,"date":"2025-05-22T17:27:15","date_gmt":"2025-05-22T15:27:15","guid":{"rendered":"https:\/\/sv-auerhammer.de\/?page_id=53"},"modified":"2025-11-12T20:39:17","modified_gmt":"2025-11-12T19:39:17","slug":"startseite","status":"publish","type":"page","link":"https:\/\/sv-auerhammer.de\/","title":{"rendered":"Startseite"},"content":{"rendered":"\t\t<div data-elementor-type=\"wp-page\" data-elementor-id=\"53\" class=\"elementor elementor-53\" data-elementor-post-type=\"page\">\n\t\t\t\t<div class=\"elementor-element elementor-element-7fee683 e-con-full e-flex e-con e-parent\" data-id=\"7fee683\" data-element_type=\"container\" data-settings=\"{&quot;background_background&quot;:&quot;classic&quot;}\">\n\t\t\t\t<div class=\"elementor-element elementor-element-914d4bc elementor-widget__width-inherit elementor-widget elementor-widget-image\" data-id=\"914d4bc\" data-element_type=\"widget\" data-widget_type=\"image.default\">\n\t\t\t\t<div class=\"elementor-widget-container\">\n\t\t\t\t\t\t\t\t\t\t\t\t\t\t\t<img fetchpriority=\"high\" decoding=\"async\" width=\"1920\" height=\"1080\" src=\"https:\/\/sv-auerhammer.de\/wp-content\/uploads\/2025\/07\/Startseite_sva.webp\" class=\"attachment-full size-full wp-image-245\" alt=\"\" srcset=\"https:\/\/sv-auerhammer.de\/wp-content\/uploads\/2025\/07\/Startseite_sva.webp 1920w, https:\/\/sv-auerhammer.de\/wp-content\/uploads\/2025\/07\/Startseite_sva-300x169.webp 300w, https:\/\/sv-auerhammer.de\/wp-content\/uploads\/2025\/07\/Startseite_sva-1024x576.webp 1024w, https:\/\/sv-auerhammer.de\/wp-content\/uploads\/2025\/07\/Startseite_sva-768x432.webp 768w, https:\/\/sv-auerhammer.de\/wp-content\/uploads\/2025\/07\/Startseite_sva-1536x864.webp 1536w\" sizes=\"(max-width: 1920px) 100vw, 1920px\" \/>\t\t\t\t\t\t\t\t\t\t\t\t\t\t\t<\/div>\n\t\t\t\t<\/div>\n\t\t\t\t<\/div>\n\t\t<div class=\"elementor-element elementor-element-8c64651 e-flex e-con-boxed e-con e-parent\" data-id=\"8c64651\" data-element_type=\"container\">\n\t\t\t\t\t<div class=\"e-con-inner\">\n\t\t\t\t<div class=\"elementor-element elementor-element-c478ddf elementor-widget elementor-widget-heading\" data-id=\"c478ddf\" data-element_type=\"widget\" data-widget_type=\"heading.default\">\n\t\t\t\t<div class=\"elementor-widget-container\">\n\t\t\t\t\t<h1 class=\"elementor-heading-title elementor-size-default\">\u201eFu\u00dfball. Familie. Auerhammer.\u201c<\/h1>\t\t\t\t<\/div>\n\t\t\t\t<\/div>\n\t\t\t\t<div class=\"elementor-element elementor-element-03d6f24 elementor-widget elementor-widget-text-editor\" data-id=\"03d6f24\" data-element_type=\"widget\" data-widget_type=\"text-editor.default\">\n\t\t\t\t<div class=\"elementor-widget-container\">\n\t\t\t\t\t\t\t\t\t<p>Willkommen beim SV Auerhammer \u2013 dem \u00e4ltesten Fu\u00dfballverein in Aue. Seit 1920 stehen wir f\u00fcr Leidenschaft, Zusammenhalt und Nachwuchsf\u00f6rderung. Ob auf dem Feld, an der Seitenlinie oder auf der Trib\u00fcne:<\/p><p>Bei uns findest du deinen Platz.<\/p>\t\t\t\t\t\t\t\t<\/div>\n\t\t\t\t<\/div>\n\t\t\t\t\t<\/div>\n\t\t\t\t<\/div>\n\t\t<div class=\"elementor-element elementor-element-cd63126 e-flex e-con-boxed e-con e-parent\" data-id=\"cd63126\" data-element_type=\"container\">\n\t\t\t\t\t<div class=\"e-con-inner\">\n\t\t<div class=\"elementor-element elementor-element-19b4349 e-con-full e-flex e-con e-child\" data-id=\"19b4349\" data-element_type=\"container\">\n\t\t\t\t<div class=\"elementor-element elementor-element-3465500 elementor-widget elementor-widget-image\" data-id=\"3465500\" data-element_type=\"widget\" data-widget_type=\"image.default\">\n\t\t\t\t<div class=\"elementor-widget-container\">\n\t\t\t\t\t\t\t\t\t\t\t\t\t\t\t<img decoding=\"async\" width=\"500\" height=\"500\" src=\"https:\/\/sv-auerhammer.de\/wp-content\/uploads\/2025\/11\/QR_Code_PayPal.jpg\" class=\"attachment-medium_large size-medium_large wp-image-603\" alt=\"\" srcset=\"https:\/\/sv-auerhammer.de\/wp-content\/uploads\/2025\/11\/QR_Code_PayPal.jpg 500w, https:\/\/sv-auerhammer.de\/wp-content\/uploads\/2025\/11\/QR_Code_PayPal-300x300.jpg 300w, https:\/\/sv-auerhammer.de\/wp-content\/uploads\/2025\/11\/QR_Code_PayPal-150x150.jpg 150w\" sizes=\"(max-width: 500px) 100vw, 500px\" \/>\t\t\t\t\t\t\t\t\t\t\t\t\t\t\t<\/div>\n\t\t\t\t<\/div>\n\t\t\t\t<\/div>\n\t\t<div class=\"elementor-element elementor-element-c359862 e-con-full e-flex e-con e-child\" data-id=\"c359862\" data-element_type=\"container\">\n\t\t<div class=\"elementor-element elementor-element-1266199 e-con-full e-flex e-con e-child\" data-id=\"1266199\" data-element_type=\"container\">\n\t\t\t\t<div class=\"elementor-element elementor-element-d5da1ef elementor-widget elementor-widget-heading\" data-id=\"d5da1ef\" data-element_type=\"widget\" data-widget_type=\"heading.default\">\n\t\t\t\t<div class=\"elementor-widget-container\">\n\t\t\t\t\t<h2 class=\"elementor-heading-title elementor-size-default\">Unterst\u00fctze den SV Auerhammer!<\/h2>\t\t\t\t<\/div>\n\t\t\t\t<\/div>\n\t\t\t\t<\/div>\n\t\t<div class=\"elementor-element elementor-element-1cd2319 e-con-full e-flex e-con e-child\" data-id=\"1cd2319\" data-element_type=\"container\">\n\t\t\t\t<div class=\"elementor-element elementor-element-f677552 elementor-widget elementor-widget-text-editor\" data-id=\"f677552\" data-element_type=\"widget\" data-widget_type=\"text-editor.default\">\n\t\t\t\t<div class=\"elementor-widget-container\">\n\t\t\t\t\t\t\t\t\t<p data-start=\"175\" data-end=\"452\">Gemeinsam stark \u2013 auf und neben dem Platz!<br data-start=\"217\" data-end=\"220\" \/>Mit deiner Spende hilfst du uns, den Trainingsbetrieb, die Jugendarbeit und unsere Vereinsarbeit weiter voranzubringen. Jeder Beitrag z\u00e4hlt und unterst\u00fctzt das, was uns alle verbindet: Leidenschaft, Teamgeist und Zusammenhalt.<\/p><p data-start=\"454\" data-end=\"589\">Scanne einfach den QR-Code und unterst\u00fctze uns direkt \u00fcber PayPal.<br data-start=\"542\" data-end=\"545\" \/>Danke, dass du Teil unseres Teams bist!<\/p>\t\t\t\t\t\t\t\t<\/div>\n\t\t\t\t<\/div>\n\t\t\t\t<\/div>\n\t\t\t\t<\/div>\n\t\t\t\t\t<\/div>\n\t\t\t\t<\/div>\n\t\t\t\t<\/div>\n\t\t","protected":false},"excerpt":{"rendered":"<p>\u201eFu\u00dfball. Familie. Auerhammer.\u201c Willkommen beim SV Auerhammer \u2013 dem \u00e4ltesten Fu\u00dfballverein in Aue. Seit 1920 stehen wir f\u00fcr Leidenschaft, Zusammenhalt und Nachwuchsf\u00f6rderung. Ob auf dem Feld, an der Seitenlinie oder auf der Trib\u00fcne: Bei uns findest du deinen Platz. Unterst\u00fctze den SV Auerhammer! Gemeinsam stark \u2013 auf und neben dem Platz!Mit deiner Spende hilfst du [&hellip;]<\/p>\n","protected":false},"author":2,"featured_media":0,"parent":0,"menu_order":0,"comment_status":"closed","ping_status":"closed","template":"","meta":{"footnotes":""},"class_list":["post-53","page","type-page","status-publish","hentry"],"_links":{"self":[{"href":"https:\/\/sv-auerhammer.de\/index.php?rest_route=\/wp\/v2\/pages\/53","targetHints":{"allow":["GET"]}}],"collection":[{"href":"https:\/\/sv-auerhammer.de\/index.php?rest_route=\/wp\/v2\/pages"}],"about":[{"href":"https:\/\/sv-auerhammer.de\/index.php?rest_route=\/wp\/v2\/types\/page"}],"author":[{"embeddable":true,"href":"https:\/\/sv-auerhammer.de\/index.php?rest_route=\/wp\/v2\/users\/2"}],"replies":[{"embeddable":true,"href":"https:\/\/sv-auerhammer.de\/index.php?rest_route=%2Fwp%2Fv2%2Fcomments&post=53"}],"version-history":[{"count":98,"href":"https:\/\/sv-auerhammer.de\/index.php?rest_route=\/wp\/v2\/pages\/53\/revisions"}],"predecessor-version":[{"id":628,"href":"https:\/\/sv-auerhammer.de\/index.php?rest_route=\/wp\/v2\/pages\/53\/revisions\/628"}],"wp:attachment":[{"href":"https:\/\/sv-auerhammer.de\/index.php?rest_route=%2Fwp%2Fv2%2Fmedia&parent=53"}],"curies":[{"name":"wp","href":"https:\/\/api.w.org\/{rel}","templated":true}]}}